{"id":74,"date":"2020-02-17T15:57:21","date_gmt":"2020-02-17T14:57:21","guid":{"rendered":"https:\/\/vitapp.com.pl\/?page_id=74"},"modified":"2021-06-18T16:35:13","modified_gmt":"2021-06-18T14:35:13","slug":"misja","status":"publish","type":"page","link":"https:\/\/vitapp.com.pl\/en\/o-nas\/misja\/","title":{"rendered":"misja"},"content":{"rendered":"<h1>Nasza misja<\/h1>\n<p><img decoding=\"async\" loading=\"lazy\" src=\"https:\/\/vitapp.com.pl\/wp-content\/uploads\/2021\/06\/PV_PL-1024x574.png\" alt=\"\" width=\"1024\" height=\"574\" \/><\/p>\n<h3>Bezpiecze\u0144stwo<\/h3>\n<p>W Grupie Vita bezpiecze\u0144stwo stawiamy na pierwszym miejscu i nieustannie troszczymy si\u0119 o to, by ka\u017cde nasze dzia\u0142anie by\u0142o zgodne ze wszystkimi wymogami BHP, bez wzgl\u0119du na czas, koszt i wysi\u0142ek, jakie musimy w\u0142o\u017cy\u0107 w zapewnienie tego, co w\u0142a\u015bciwe naszym pracownikom.<\/p>\n<p>Pomimo obecnego trudnego czasu, Grupa Vita odgrywa kluczow\u0105 rol\u0119, nieprzerwanie s\u0142u\u017c\u0105c klientom w ka\u017cdym miejscu prowadzenia naszej dzia\u0142alno\u015b\u0107. Nasi klienci zwracaj\u0105 si\u0119 do nas z r\u00f3\u017cnych kraj\u00f3w, prosz\u0105c o realizacj\u0119 swoich potrzeb.<\/p>\n<p>&nbsp;<\/p>\n<h3>Uczciwo\u015b\u0107<\/h3>\n<p>Pragn\u0119 odpowiedzie\u0107 wszystkim, kt\u00f3rzy pytali mnie osobi\u015bcie lub w e-mailach, b\u0105d\u017a zastanawiali si\u0119 sami: Dlaczego w og\u00f3le dzia\u0142amy? Odpowied\u017a jest ca\u0142kiem prosta &#8211; w duchu solidarno\u015bci. Uwierzcie, tu nie chodzi o zarabianie pieni\u0119dzy lub pokonanie konkurencji, gdy\u017c w obliczu spadku popytu na skutek pandemii koronawirusa wiele naszych zak\u0142ad\u00f3w b\u0119dzie generowa\u0107 straty.<\/p>\n<p>Dzia\u0142amy, poniewa\u017c osoby tworz\u0105ce Grup\u0119 Vita spe\u0142niaj\u0105 swoje obietnice i b\u0119d\u0105 zawsze wybiera\u0107 rzeczy w\u0142a\u015bciwe, a nie \u0142atwe. A ponad wszystko, nie mo\u017cemy i nie zawiedziemy naszych klient\u00f3w pracuj\u0105cych w sektorze s\u0142u\u017cby zdrowia i b\u0119dziemy dostarcza\u0107 niezb\u0119dne produkty bohaterkom i bohaterom pracuj\u0105cym w czasie obecnego globalnego kryzysu na pierwszej linii.<\/p>\n<p>&nbsp;<\/p>\n<h3>Innowacyjno\u015b\u0107<\/h3>\n<p>Jednym z najbardziej ekscytuj\u0105cych, nowo opracowanych innowacyjnych produkt\u00f3w s\u0105 szybkie w zastosowaniu pianki poliuretanowe wykorzystywane jako warstwa ochronna \u015brodk\u00f3w ochrony osobistej. Troszcz\u0105c si\u0119 o rozw\u00f3j naszej kreatywno\u015bci i zwi\u0119kszanie tempa zmian, wykorzystujemy wiedz\u0119 naszej firmy dotycz\u0105c\u0105 proces\u00f3w, nasze bogate do\u015bwiadczenie w zakresie materia\u0142oznawstwa i potencja\u0142 grupy roboczej sk\u0142adaj\u0105cej si\u0119 z utalentowanych pracownik\u00f3w ze wszystkich dzia\u0142\u00f3w Vita.<\/p>\n<p>Nasze nowe rozwi\u0105zanie mo\u017ce przynie\u015b\u0107 ulg\u0119 oraz zapewni\u0107 bezpiecze\u0144stwo i wygod\u0119 pracownikom s\u0142u\u017cby zdrowia, opiekunom, personelowi pomocniczemu i poszczeg\u00f3lnym osobom na ca\u0142ym \u015bwiecie.<\/p>\n<p>&nbsp;<\/p>\n<h3>Odpowiedzialno\u015b\u0107<\/h3>\n<p>Jako odpowiedzialna firma i odpowiedzialne osoby, troszczymy si\u0119 stale o siebie nawzajem, nasz \u015bwiat, \u015brodowisko i ludzi w potrzebie w tym wyj\u0105tkowym czasie zagro\u017cenia.<\/p>\n<p>Wielu naszych klient\u00f3w zaanga\u017cowanych w \u0142a\u0144cuchach dostaw niezb\u0119dnego sprz\u0119tu medycznego i \u015brodk\u00f3w higieny przekazuje pisemn\u0105 dokumentacj\u0119, w kt\u00f3rej stwierdza, \u017ce Grupa Vita jest istotnym i krytycznym dostawc\u0105 produkt\u00f3w w globalnej walce z Covid-19. Dokumenty te umo\u017cliwiaj\u0105 szybk\u0105 odpraw\u0119 celn\u0105 i pozwalaj\u0105 Grupie Vita i jej pracownikom realizowa\u0107 swoj\u0105 istotn\u0105 i krytyczn\u0105 rol\u0119 w produkcji sprz\u0119tu i akcesori\u00f3w ochraniaj\u0105cych \u017cycie.<\/p>\n<p>&nbsp;<\/p>\n<h3>Przedsi\u0119biorczo\u015b\u0107<\/h3>\n<p>Grupa Vita stara si\u0119 zawsze by\u0107 przedsi\u0119biorcza. Nasze zespo\u0142y sprzeda\u017cy nieustannie szukaj\u0105 rozwi\u0105za\u0144 problem\u00f3w i dok\u0142adaj\u0105 stara\u0144, aby dobrze rozumie\u0107 potrzeby naszych klient\u00f3w, dotrzymuj\u0105c kroku szybko zachodz\u0105cym zmianom. Nasze fantastyczne zespo\u0142y ds. dystrybucji i logistyki dostarczaj\u0105 produkty wsz\u0119dzie tam, gdzie bardzo pilnie ich potrzeba. Nasze zespo\u0142y ds. zam\u00f3wie\u0144 zapewniaj\u0105 ci\u0105g\u0142o\u015b\u0107 dostaw surowc\u00f3w. Nasze zespo\u0142y ds. finans\u00f3w dbaj\u0105 o dost\u0119p zasob\u00f3w pieni\u0119\u017cnych niezb\u0119dnych do nieprzerwanego prowadzenia dzia\u0142alno\u015bci. Nasze zespo\u0142y ds. administracji, pracownicy biurowi, pracownicy zajmuj\u0105cy si\u0119 utrzymaniem czysto\u015bci, personel ochrony i personel pomocniczy sprawiaj\u0105, \u017ce Grupa Vita jest wyj\u0105tkowym miejscem pracy.<\/p>\n","protected":false},"excerpt":{"rendered":"<p>Nasza misja Bezpiecze\u0144stwo W Grupie Vita bezpiecze\u0144stwo stawiamy na pierwszym miejscu i nieustannie troszczymy si\u0119 o to, by ka\u017cde nasze dzia\u0142anie by\u0142o zgodne ze wszystkimi wymogami BHP, bez wzgl\u0119du na czas, koszt i wysi\u0142ek, jakie musimy w\u0142o\u017cy\u0107 w zapewnienie tego, co w\u0142a\u015bciwe naszym pracownikom. Pomimo obecnego trudnego czasu, Grupa Vita odgrywa kluczow\u0105 rol\u0119, nieprzerwanie s\u0142u\u017c\u0105c [&hellip;]<\/p>\n","protected":false},"author":1,"featured_media":347,"parent":61,"menu_order":90,"comment_status":"closed","ping_status":"closed","template":"","meta":[],"yoast_head":"<!-- This site is optimized with the Yoast SEO plugin v19.10 - https:\/\/yoast.com\/wordpress\/plugins\/seo\/ -->\n<title>misja |<\/title>\n<meta name=\"robots\" content=\"index, follow, max-snippet:-1, max-image-preview:large, max-video-preview:-1\" \/>\n<link rel=\"canonical\" href=\"https:\/\/vitapp.com.pl\/o-nas\/misja\/\" \/>\n<meta property=\"og:locale\" content=\"pl_PL\" \/>\n<meta property=\"og:type\" content=\"article\" \/>\n<meta property=\"og:title\" content=\"misja |\" \/>\n<meta property=\"og:description\" content=\"Nasza misja Bezpiecze\u0144stwo W Grupie Vita bezpiecze\u0144stwo stawiamy na pierwszym miejscu i nieustannie troszczymy si\u0119 o to, by ka\u017cde nasze dzia\u0142anie by\u0142o zgodne ze wszystkimi wymogami BHP, bez wzgl\u0119du na czas, koszt i wysi\u0142ek, jakie musimy w\u0142o\u017cy\u0107 w zapewnienie tego, co w\u0142a\u015bciwe naszym pracownikom. Pomimo obecnego trudnego czasu, Grupa Vita odgrywa kluczow\u0105 rol\u0119, nieprzerwanie s\u0142u\u017c\u0105c [&hellip;]\" \/>\n<meta property=\"og:url\" content=\"https:\/\/vitapp.com.pl\/o-nas\/misja\/\" \/>\n<meta property=\"og:site_name\" content=\"\u00a0Vita Polymers Polska\" \/>\n<meta property=\"article:publisher\" content=\"https:\/\/www.facebook.com\/profile.php?id=715138245179094\" \/>\n<meta property=\"article:modified_time\" content=\"2021-06-18T14:35:13+00:00\" \/>\n<meta property=\"og:image\" content=\"https:\/\/vitapp.com.pl\/wp-content\/uploads\/2020\/06\/header-misja.jpg\" \/>\n\t<meta property=\"og:image:width\" content=\"1920\" \/>\n\t<meta property=\"og:image:height\" content=\"672\" \/>\n\t<meta property=\"og:image:type\" content=\"image\/jpeg\" \/>\n<meta name=\"twitter:card\" content=\"summary_large_image\" \/>\n<meta name=\"twitter:label1\" content=\"Szacowany czas czytania\" \/>\n\t<meta name=\"twitter:data1\" content=\"3 minuty\" \/>\n<script type=\"application\/ld+json\" class=\"yoast-schema-graph\">{\"@context\":\"https:\/\/schema.org\",\"@graph\":[{\"@type\":\"WebPage\",\"@id\":\"https:\/\/vitapp.com.pl\/o-nas\/misja\/\",\"url\":\"https:\/\/vitapp.com.pl\/o-nas\/misja\/\",\"name\":\"misja |\",\"isPartOf\":{\"@id\":\"https:\/\/vitapp.com.pl\/en\/#website\"},\"datePublished\":\"2020-02-17T14:57:21+00:00\",\"dateModified\":\"2021-06-18T14:35:13+00:00\",\"breadcrumb\":{\"@id\":\"https:\/\/vitapp.com.pl\/o-nas\/misja\/#breadcrumb\"},\"inLanguage\":\"pl-PL\",\"potentialAction\":[{\"@type\":\"ReadAction\",\"target\":[\"https:\/\/vitapp.com.pl\/o-nas\/misja\/\"]}]},{\"@type\":\"BreadcrumbList\",\"@id\":\"https:\/\/vitapp.com.pl\/o-nas\/misja\/#breadcrumb\",\"itemListElement\":[{\"@type\":\"ListItem\",\"position\":1,\"name\":\"Strona g\u0142\u00f3wna\",\"item\":\"https:\/\/vitapp.com.pl\/\"},{\"@type\":\"ListItem\",\"position\":2,\"name\":\"O nas\",\"item\":\"https:\/\/vitapp.com.pl\/en\/o-nas\/\"},{\"@type\":\"ListItem\",\"position\":3,\"name\":\"misja\"}]},{\"@type\":\"WebSite\",\"@id\":\"https:\/\/vitapp.com.pl\/en\/#website\",\"url\":\"https:\/\/vitapp.com.pl\/en\/\",\"name\":\"\u00a0Vita Polymers Polska\",\"description\":\"\",\"publisher\":{\"@id\":\"https:\/\/vitapp.com.pl\/en\/#organization\"},\"potentialAction\":[{\"@type\":\"SearchAction\",\"target\":{\"@type\":\"EntryPoint\",\"urlTemplate\":\"https:\/\/vitapp.com.pl\/en\/?s={search_term_string}\"},\"query-input\":\"required name=search_term_string\"}],\"inLanguage\":\"pl-PL\"},{\"@type\":\"Organization\",\"@id\":\"https:\/\/vitapp.com.pl\/en\/#organization\",\"name\":\"Vita Polymers Polska | Producent pianki poliuretanowej\",\"url\":\"https:\/\/vitapp.com.pl\/en\/\",\"logo\":{\"@type\":\"ImageObject\",\"inLanguage\":\"pl-PL\",\"@id\":\"https:\/\/vitapp.com.pl\/en\/#\/schema\/logo\/image\/\",\"url\":\"https:\/\/vitapp.com.pl\/wp-content\/uploads\/2023\/02\/vitapp-producent-pianki-poliuretanowej-Polska.png\",\"contentUrl\":\"https:\/\/vitapp.com.pl\/wp-content\/uploads\/2023\/02\/vitapp-producent-pianki-poliuretanowej-Polska.png\",\"width\":141,\"height\":162,\"caption\":\"Vita Polymers Polska | Producent pianki poliuretanowej\"},\"image\":{\"@id\":\"https:\/\/vitapp.com.pl\/en\/#\/schema\/logo\/image\/\"},\"sameAs\":[\"https:\/\/www.facebook.com\/profile.php?id=715138245179094\"]}]}<\/script>\n<!-- \/ Yoast SEO plugin. -->","yoast_head_json":{"title":"misja |","robots":{"index":"index","follow":"follow","max-snippet":"max-snippet:-1","max-image-preview":"max-image-preview:large","max-video-preview":"max-video-preview:-1"},"canonical":"https:\/\/vitapp.com.pl\/o-nas\/misja\/","og_locale":"pl_PL","og_type":"article","og_title":"misja |","og_description":"Nasza misja Bezpiecze\u0144stwo W Grupie Vita bezpiecze\u0144stwo stawiamy na pierwszym miejscu i nieustannie troszczymy si\u0119 o to, by ka\u017cde nasze dzia\u0142anie by\u0142o zgodne ze wszystkimi wymogami BHP, bez wzgl\u0119du na czas, koszt i wysi\u0142ek, jakie musimy w\u0142o\u017cy\u0107 w zapewnienie tego, co w\u0142a\u015bciwe naszym pracownikom. Pomimo obecnego trudnego czasu, Grupa Vita odgrywa kluczow\u0105 rol\u0119, nieprzerwanie s\u0142u\u017c\u0105c [&hellip;]","og_url":"https:\/\/vitapp.com.pl\/o-nas\/misja\/","og_site_name":"\u00a0Vita Polymers Polska","article_publisher":"https:\/\/www.facebook.com\/profile.php?id=715138245179094","article_modified_time":"2021-06-18T14:35:13+00:00","og_image":[{"width":1920,"height":672,"url":"https:\/\/vitapp.com.pl\/wp-content\/uploads\/2020\/06\/header-misja.jpg","type":"image\/jpeg"}],"twitter_card":"summary_large_image","twitter_misc":{"Szacowany czas czytania":"3 minuty"},"schema":{"@context":"https:\/\/schema.org","@graph":[{"@type":"WebPage","@id":"https:\/\/vitapp.com.pl\/o-nas\/misja\/","url":"https:\/\/vitapp.com.pl\/o-nas\/misja\/","name":"misja |","isPartOf":{"@id":"https:\/\/vitapp.com.pl\/en\/#website"},"datePublished":"2020-02-17T14:57:21+00:00","dateModified":"2021-06-18T14:35:13+00:00","breadcrumb":{"@id":"https:\/\/vitapp.com.pl\/o-nas\/misja\/#breadcrumb"},"inLanguage":"pl-PL","potentialAction":[{"@type":"ReadAction","target":["https:\/\/vitapp.com.pl\/o-nas\/misja\/"]}]},{"@type":"BreadcrumbList","@id":"https:\/\/vitapp.com.pl\/o-nas\/misja\/#breadcrumb","itemListElement":[{"@type":"ListItem","position":1,"name":"Strona g\u0142\u00f3wna","item":"https:\/\/vitapp.com.pl\/"},{"@type":"ListItem","position":2,"name":"O nas","item":"https:\/\/vitapp.com.pl\/en\/o-nas\/"},{"@type":"ListItem","position":3,"name":"misja"}]},{"@type":"WebSite","@id":"https:\/\/vitapp.com.pl\/en\/#website","url":"https:\/\/vitapp.com.pl\/en\/","name":"\u00a0Vita Polymers Polska","description":"","publisher":{"@id":"https:\/\/vitapp.com.pl\/en\/#organization"},"potentialAction":[{"@type":"SearchAction","target":{"@type":"EntryPoint","urlTemplate":"https:\/\/vitapp.com.pl\/en\/?s={search_term_string}"},"query-input":"required name=search_term_string"}],"inLanguage":"pl-PL"},{"@type":"Organization","@id":"https:\/\/vitapp.com.pl\/en\/#organization","name":"Vita Polymers Polska | Producent pianki poliuretanowej","url":"https:\/\/vitapp.com.pl\/en\/","logo":{"@type":"ImageObject","inLanguage":"pl-PL","@id":"https:\/\/vitapp.com.pl\/en\/#\/schema\/logo\/image\/","url":"https:\/\/vitapp.com.pl\/wp-content\/uploads\/2023\/02\/vitapp-producent-pianki-poliuretanowej-Polska.png","contentUrl":"https:\/\/vitapp.com.pl\/wp-content\/uploads\/2023\/02\/vitapp-producent-pianki-poliuretanowej-Polska.png","width":141,"height":162,"caption":"Vita Polymers Polska | Producent pianki poliuretanowej"},"image":{"@id":"https:\/\/vitapp.com.pl\/en\/#\/schema\/logo\/image\/"},"sameAs":["https:\/\/www.facebook.com\/profile.php?id=715138245179094"]}]}},"_links":{"self":[{"href":"https:\/\/vitapp.com.pl\/en\/wp-json\/wp\/v2\/pages\/74"}],"collection":[{"href":"https:\/\/vitapp.com.pl\/en\/wp-json\/wp\/v2\/pages"}],"about":[{"href":"https:\/\/vitapp.com.pl\/en\/wp-json\/wp\/v2\/types\/page"}],"author":[{"embeddable":true,"href":"https:\/\/vitapp.com.pl\/en\/wp-json\/wp\/v2\/users\/1"}],"replies":[{"embeddable":true,"href":"https:\/\/vitapp.com.pl\/en\/wp-json\/wp\/v2\/comments?post=74"}],"version-history":[{"count":3,"href":"https:\/\/vitapp.com.pl\/en\/wp-json\/wp\/v2\/pages\/74\/revisions"}],"predecessor-version":[{"id":588,"href":"https:\/\/vitapp.com.pl\/en\/wp-json\/wp\/v2\/pages\/74\/revisions\/588"}],"up":[{"embeddable":true,"href":"https:\/\/vitapp.com.pl\/en\/wp-json\/wp\/v2\/pages\/61"}],"wp:featuredmedia":[{"embeddable":true,"href":"https:\/\/vitapp.com.pl\/en\/wp-json\/wp\/v2\/media\/347"}],"wp:attachment":[{"href":"https:\/\/vitapp.com.pl\/en\/wp-json\/wp\/v2\/media?parent=74"}],"curies":[{"name":"wp","href":"https:\/\/api.w.org\/{rel}","templated":true}]}}