{"id":57,"date":"2020-02-17T13:47:16","date_gmt":"2020-02-17T12:47:16","guid":{"rendered":"https:\/\/vitapp.com.pl\/?page_id=57"},"modified":"2020-09-23T10:54:27","modified_gmt":"2020-09-23T08:54:27","slug":"kariera","status":"publish","type":"page","link":"https:\/\/vitapp.com.pl\/en\/kariera\/","title":{"rendered":"Kariera"},"content":{"rendered":"<h1>Do\u0142\u0105cz do naszego zespo\u0142u<\/h1>\n<p>Kapita\u0142 ludzki jest dla nas ogromn\u0105 warto\u015bci\u0105. Cz\u0142owiek to najcenniejsze ogniwo ka\u017cdego dobrze dzia\u0142aj\u0105cego przedsi\u0119biorstwa, poniewa\u017c wnosi do niego swoje zaanga\u017cowanie i profesjonalizm. Nasza 70-letnia pozycja na rynku europejskim i 25-letnia w Polsce zosta\u0142y ukszta\u0142towane w\u0142a\u015bnie dzi\u0119ki operatywno\u015bci naszych Pracownik\u00f3w i to dzi\u0119ki nim wci\u0105\u017c si\u0119 rozwijamy. Tworzymy satysfakcjonuj\u0105ce miejsca pracy dla ambitnych, wi\u0119c je\u015bli chcesz by\u0107 cz\u0119\u015bci\u0105 dynamicznie rozrastaj\u0105cej si\u0119 firmy \u2013 do\u0142\u0105cz do zespo\u0142u Vita Polymers!<\/p>\n<p><a href=\"https:\/\/vitapp.com.pl\/wp-content\/uploads\/2020\/03\/Informacja-o-przetwarzaniu-danych-osobowych-Kandydat\u00f3w-do-pracy_PL.pdf\" target=\"_blank\" rel=\"noopener noreferrer\">Informacja o przetwarzaniu danych osobowych Kandydat\u00f3w do pracy.<\/a><\/p>\n<h3 style=\"text-align: center;\">Aktualne oferty<\/h3>\n<p><script type='text\/javascript' src='https:\/\/skk.erecruiter.pl\/Code.ashx?cfg=bd6b738cc0494741b68dce65a764185f'><\/script><\/p>\n","protected":false},"excerpt":{"rendered":"<p>Do\u0142\u0105cz do naszego zespo\u0142u Kapita\u0142 ludzki jest dla nas ogromn\u0105 warto\u015bci\u0105. Cz\u0142owiek to najcenniejsze ogniwo ka\u017cdego dobrze dzia\u0142aj\u0105cego przedsi\u0119biorstwa, poniewa\u017c wnosi do niego swoje zaanga\u017cowanie i profesjonalizm. Nasza 70-letnia pozycja na rynku europejskim i 25-letnia w Polsce zosta\u0142y ukszta\u0142towane w\u0142a\u015bnie dzi\u0119ki operatywno\u015bci naszych Pracownik\u00f3w i to dzi\u0119ki nim wci\u0105\u017c si\u0119 rozwijamy. Tworzymy satysfakcjonuj\u0105ce miejsca pracy [&hellip;]<\/p>\n","protected":false},"author":1,"featured_media":124,"parent":0,"menu_order":40,"comment_status":"closed","ping_status":"closed","template":"","meta":[],"yoast_head":"<!-- This site is optimized with the Yoast SEO plugin v19.10 - https:\/\/yoast.com\/wordpress\/plugins\/seo\/ -->\n<title>Kariera |<\/title>\n<meta name=\"robots\" content=\"index, follow, max-snippet:-1, max-image-preview:large, max-video-preview:-1\" \/>\n<link rel=\"canonical\" href=\"https:\/\/vitapp.com.pl\/kariera\/\" \/>\n<meta property=\"og:locale\" content=\"pl_PL\" \/>\n<meta property=\"og:type\" content=\"article\" \/>\n<meta property=\"og:title\" content=\"Kariera |\" \/>\n<meta property=\"og:description\" content=\"Do\u0142\u0105cz do naszego zespo\u0142u Kapita\u0142 ludzki jest dla nas ogromn\u0105 warto\u015bci\u0105. Cz\u0142owiek to najcenniejsze ogniwo ka\u017cdego dobrze dzia\u0142aj\u0105cego przedsi\u0119biorstwa, poniewa\u017c wnosi do niego swoje zaanga\u017cowanie i profesjonalizm. Nasza 70-letnia pozycja na rynku europejskim i 25-letnia w Polsce zosta\u0142y ukszta\u0142towane w\u0142a\u015bnie dzi\u0119ki operatywno\u015bci naszych Pracownik\u00f3w i to dzi\u0119ki nim wci\u0105\u017c si\u0119 rozwijamy. Tworzymy satysfakcjonuj\u0105ce miejsca pracy [&hellip;]\" \/>\n<meta property=\"og:url\" content=\"https:\/\/vitapp.com.pl\/kariera\/\" \/>\n<meta property=\"og:site_name\" content=\"\u00a0Vita Polymers Polska\" \/>\n<meta property=\"article:publisher\" content=\"https:\/\/www.facebook.com\/profile.php?id=715138245179094\" \/>\n<meta property=\"article:modified_time\" content=\"2020-09-23T08:54:27+00:00\" \/>\n<meta property=\"og:image\" content=\"https:\/\/vitapp.com.pl\/wp-content\/uploads\/2020\/02\/career.jpg\" \/>\n\t<meta property=\"og:image:width\" content=\"1920\" \/>\n\t<meta property=\"og:image:height\" content=\"671\" \/>\n\t<meta property=\"og:image:type\" content=\"image\/jpeg\" \/>\n<meta name=\"twitter:card\" content=\"summary_large_image\" \/>\n<meta name=\"twitter:label1\" content=\"Szacowany czas czytania\" \/>\n\t<meta name=\"twitter:data1\" content=\"1 minuta\" \/>\n<script type=\"application\/ld+json\" class=\"yoast-schema-graph\">{\"@context\":\"https:\/\/schema.org\",\"@graph\":[{\"@type\":\"WebPage\",\"@id\":\"https:\/\/vitapp.com.pl\/kariera\/\",\"url\":\"https:\/\/vitapp.com.pl\/kariera\/\",\"name\":\"Kariera |\",\"isPartOf\":{\"@id\":\"https:\/\/vitapp.com.pl\/en\/#website\"},\"datePublished\":\"2020-02-17T12:47:16+00:00\",\"dateModified\":\"2020-09-23T08:54:27+00:00\",\"breadcrumb\":{\"@id\":\"https:\/\/vitapp.com.pl\/kariera\/#breadcrumb\"},\"inLanguage\":\"pl-PL\",\"potentialAction\":[{\"@type\":\"ReadAction\",\"target\":[\"https:\/\/vitapp.com.pl\/kariera\/\"]}]},{\"@type\":\"BreadcrumbList\",\"@id\":\"https:\/\/vitapp.com.pl\/kariera\/#breadcrumb\",\"itemListElement\":[{\"@type\":\"ListItem\",\"position\":1,\"name\":\"Strona g\u0142\u00f3wna\",\"item\":\"https:\/\/vitapp.com.pl\/\"},{\"@type\":\"ListItem\",\"position\":2,\"name\":\"Kariera\"}]},{\"@type\":\"WebSite\",\"@id\":\"https:\/\/vitapp.com.pl\/en\/#website\",\"url\":\"https:\/\/vitapp.com.pl\/en\/\",\"name\":\"\u00a0Vita Polymers Polska\",\"description\":\"\",\"publisher\":{\"@id\":\"https:\/\/vitapp.com.pl\/en\/#organization\"},\"potentialAction\":[{\"@type\":\"SearchAction\",\"target\":{\"@type\":\"EntryPoint\",\"urlTemplate\":\"https:\/\/vitapp.com.pl\/en\/?s={search_term_string}\"},\"query-input\":\"required name=search_term_string\"}],\"inLanguage\":\"pl-PL\"},{\"@type\":\"Organization\",\"@id\":\"https:\/\/vitapp.com.pl\/en\/#organization\",\"name\":\"Vita Polymers Polska | Producent pianki poliuretanowej\",\"url\":\"https:\/\/vitapp.com.pl\/en\/\",\"logo\":{\"@type\":\"ImageObject\",\"inLanguage\":\"pl-PL\",\"@id\":\"https:\/\/vitapp.com.pl\/en\/#\/schema\/logo\/image\/\",\"url\":\"https:\/\/vitapp.com.pl\/wp-content\/uploads\/2023\/02\/vitapp-producent-pianki-poliuretanowej-Polska.png\",\"contentUrl\":\"https:\/\/vitapp.com.pl\/wp-content\/uploads\/2023\/02\/vitapp-producent-pianki-poliuretanowej-Polska.png\",\"width\":141,\"height\":162,\"caption\":\"Vita Polymers Polska | Producent pianki poliuretanowej\"},\"image\":{\"@id\":\"https:\/\/vitapp.com.pl\/en\/#\/schema\/logo\/image\/\"},\"sameAs\":[\"https:\/\/www.facebook.com\/profile.php?id=715138245179094\"]}]}<\/script>\n<!-- \/ Yoast SEO plugin. -->","yoast_head_json":{"title":"Kariera |","robots":{"index":"index","follow":"follow","max-snippet":"max-snippet:-1","max-image-preview":"max-image-preview:large","max-video-preview":"max-video-preview:-1"},"canonical":"https:\/\/vitapp.com.pl\/kariera\/","og_locale":"pl_PL","og_type":"article","og_title":"Kariera |","og_description":"Do\u0142\u0105cz do naszego zespo\u0142u Kapita\u0142 ludzki jest dla nas ogromn\u0105 warto\u015bci\u0105. Cz\u0142owiek to najcenniejsze ogniwo ka\u017cdego dobrze dzia\u0142aj\u0105cego przedsi\u0119biorstwa, poniewa\u017c wnosi do niego swoje zaanga\u017cowanie i profesjonalizm. Nasza 70-letnia pozycja na rynku europejskim i 25-letnia w Polsce zosta\u0142y ukszta\u0142towane w\u0142a\u015bnie dzi\u0119ki operatywno\u015bci naszych Pracownik\u00f3w i to dzi\u0119ki nim wci\u0105\u017c si\u0119 rozwijamy. Tworzymy satysfakcjonuj\u0105ce miejsca pracy [&hellip;]","og_url":"https:\/\/vitapp.com.pl\/kariera\/","og_site_name":"\u00a0Vita Polymers Polska","article_publisher":"https:\/\/www.facebook.com\/profile.php?id=715138245179094","article_modified_time":"2020-09-23T08:54:27+00:00","og_image":[{"width":1920,"height":671,"url":"https:\/\/vitapp.com.pl\/wp-content\/uploads\/2020\/02\/career.jpg","type":"image\/jpeg"}],"twitter_card":"summary_large_image","twitter_misc":{"Szacowany czas czytania":"1 minuta"},"schema":{"@context":"https:\/\/schema.org","@graph":[{"@type":"WebPage","@id":"https:\/\/vitapp.com.pl\/kariera\/","url":"https:\/\/vitapp.com.pl\/kariera\/","name":"Kariera |","isPartOf":{"@id":"https:\/\/vitapp.com.pl\/en\/#website"},"datePublished":"2020-02-17T12:47:16+00:00","dateModified":"2020-09-23T08:54:27+00:00","breadcrumb":{"@id":"https:\/\/vitapp.com.pl\/kariera\/#breadcrumb"},"inLanguage":"pl-PL","potentialAction":[{"@type":"ReadAction","target":["https:\/\/vitapp.com.pl\/kariera\/"]}]},{"@type":"BreadcrumbList","@id":"https:\/\/vitapp.com.pl\/kariera\/#breadcrumb","itemListElement":[{"@type":"ListItem","position":1,"name":"Strona g\u0142\u00f3wna","item":"https:\/\/vitapp.com.pl\/"},{"@type":"ListItem","position":2,"name":"Kariera"}]},{"@type":"WebSite","@id":"https:\/\/vitapp.com.pl\/en\/#website","url":"https:\/\/vitapp.com.pl\/en\/","name":"\u00a0Vita Polymers Polska","description":"","publisher":{"@id":"https:\/\/vitapp.com.pl\/en\/#organization"},"potentialAction":[{"@type":"SearchAction","target":{"@type":"EntryPoint","urlTemplate":"https:\/\/vitapp.com.pl\/en\/?s={search_term_string}"},"query-input":"required name=search_term_string"}],"inLanguage":"pl-PL"},{"@type":"Organization","@id":"https:\/\/vitapp.com.pl\/en\/#organization","name":"Vita Polymers Polska | Producent pianki poliuretanowej","url":"https:\/\/vitapp.com.pl\/en\/","logo":{"@type":"ImageObject","inLanguage":"pl-PL","@id":"https:\/\/vitapp.com.pl\/en\/#\/schema\/logo\/image\/","url":"https:\/\/vitapp.com.pl\/wp-content\/uploads\/2023\/02\/vitapp-producent-pianki-poliuretanowej-Polska.png","contentUrl":"https:\/\/vitapp.com.pl\/wp-content\/uploads\/2023\/02\/vitapp-producent-pianki-poliuretanowej-Polska.png","width":141,"height":162,"caption":"Vita Polymers Polska | Producent pianki poliuretanowej"},"image":{"@id":"https:\/\/vitapp.com.pl\/en\/#\/schema\/logo\/image\/"},"sameAs":["https:\/\/www.facebook.com\/profile.php?id=715138245179094"]}]}},"_links":{"self":[{"href":"https:\/\/vitapp.com.pl\/en\/wp-json\/wp\/v2\/pages\/57"}],"collection":[{"href":"https:\/\/vitapp.com.pl\/en\/wp-json\/wp\/v2\/pages"}],"about":[{"href":"https:\/\/vitapp.com.pl\/en\/wp-json\/wp\/v2\/types\/page"}],"author":[{"embeddable":true,"href":"https:\/\/vitapp.com.pl\/en\/wp-json\/wp\/v2\/users\/1"}],"replies":[{"embeddable":true,"href":"https:\/\/vitapp.com.pl\/en\/wp-json\/wp\/v2\/comments?post=57"}],"version-history":[{"count":1,"href":"https:\/\/vitapp.com.pl\/en\/wp-json\/wp\/v2\/pages\/57\/revisions"}],"predecessor-version":[{"id":489,"href":"https:\/\/vitapp.com.pl\/en\/wp-json\/wp\/v2\/pages\/57\/revisions\/489"}],"wp:featuredmedia":[{"embeddable":true,"href":"https:\/\/vitapp.com.pl\/en\/wp-json\/wp\/v2\/media\/124"}],"wp:attachment":[{"href":"https:\/\/vitapp.com.pl\/en\/wp-json\/wp\/v2\/media?parent=57"}],"curies":[{"name":"wp","href":"https:\/\/api.w.org\/{rel}","templated":true}]}}