{"id":524,"date":"2020-10-21T15:52:13","date_gmt":"2020-10-21T13:52:13","guid":{"rendered":"https:\/\/vitapp.com.pl\/?page_id=524"},"modified":"2020-10-21T16:01:13","modified_gmt":"2020-10-21T14:01:13","slug":"powazne-awarie-przemyslowe","status":"publish","type":"page","link":"https:\/\/vitapp.com.pl\/en\/ekologia\/powazne-awarie-przemyslowe\/","title":{"rendered":"Powa\u017cne awarie przemys\u0142owe"},"content":{"rendered":"<h2>Powa\u017cne awarie przemys\u0142owe<\/h2>\n<p>Zgodnie z wymogami Ustawy &#8222;Prawo Ochrony \u015arodowiska&#8221; oraz Rozporz\u0105dzenia w sprawie rodzaj\u00f3w i ilo\u015bci substancji niebezpiecznych, kt\u00f3rych znajdowanie si\u0119 w zak\u0142adzie decyduje o zaliczeniu go do zak\u0142adu o zwi\u0119kszonym ryzyku albo zak\u0142adu o du\u017cym ryzyku wyst\u0105pienia powa\u017cnej awarii przemys\u0142owej, zak\u0142ad produkcyjny <a href=\"https:\/\/vitapp.com.pl\/vita-polymers-poland-w-brzegu-dolnym\/\" target=\"_blank\" rel=\"noopener noreferrer\">Vita Polymers Poland w Brzegu Dolnym<\/a>, zosta\u0142 zaliczony do zak\u0142ad\u00f3w o du\u017cym ryzyku wyst\u0105pienia powa\u017cnej awarii przemys\u0142owej a zak\u0142ad <a href=\"https:\/\/vitapp.com.pl\/vita-polymers-poland-w-lublinie\/\" target=\"_blank\" rel=\"noopener noreferrer\">Vita Polymers Poland w Lublinie<\/a>, zosta\u0142 zaliczony do zak\u0142ad\u00f3w o zwi\u0119kszonym ryzyku wyst\u0105pienia powa\u017cnej awarii przemys\u0142owej w zwi\u0105zku z posiadaniem i u\u017cywaniem izocyjanianu toulenu s\u0142u\u017c\u0105cego do produkcji elastycznej pianki poliuretanowej.<\/p>\n","protected":false},"excerpt":{"rendered":"<p>Powa\u017cne awarie przemys\u0142owe Zgodnie z wymogami Ustawy &#8222;Prawo Ochrony \u015arodowiska&#8221; oraz Rozporz\u0105dzenia w sprawie rodzaj\u00f3w i ilo\u015bci substancji niebezpiecznych, kt\u00f3rych znajdowanie si\u0119 w zak\u0142adzie decyduje o zaliczeniu go do zak\u0142adu o zwi\u0119kszonym ryzyku albo zak\u0142adu o du\u017cym ryzyku wyst\u0105pienia powa\u017cnej awarii przemys\u0142owej, zak\u0142ad produkcyjny Vita Polymers Poland w Brzegu Dolnym, zosta\u0142 zaliczony do zak\u0142ad\u00f3w o [&hellip;]<\/p>\n","protected":false},"author":2,"featured_media":0,"parent":55,"menu_order":350,"comment_status":"closed","ping_status":"closed","template":"","meta":[],"yoast_head":"<!-- This site is optimized with the Yoast SEO plugin v19.10 - https:\/\/yoast.com\/wordpress\/plugins\/seo\/ -->\n<title>Powa\u017cne awarie przemys\u0142owe |<\/title>\n<meta name=\"robots\" content=\"index, follow, max-snippet:-1, max-image-preview:large, max-video-preview:-1\" \/>\n<link rel=\"canonical\" href=\"https:\/\/vitapp.com.pl\/en\/ekologia\/powazne-awarie-przemyslowe\/\" \/>\n<meta property=\"og:locale\" content=\"pl_PL\" \/>\n<meta property=\"og:type\" content=\"article\" \/>\n<meta property=\"og:title\" content=\"Powa\u017cne awarie przemys\u0142owe |\" \/>\n<meta property=\"og:description\" content=\"Powa\u017cne awarie przemys\u0142owe Zgodnie z wymogami Ustawy &#8222;Prawo Ochrony \u015arodowiska&#8221; oraz Rozporz\u0105dzenia w sprawie rodzaj\u00f3w i ilo\u015bci substancji niebezpiecznych, kt\u00f3rych znajdowanie si\u0119 w zak\u0142adzie decyduje o zaliczeniu go do zak\u0142adu o zwi\u0119kszonym ryzyku albo zak\u0142adu o du\u017cym ryzyku wyst\u0105pienia powa\u017cnej awarii przemys\u0142owej, zak\u0142ad produkcyjny Vita Polymers Poland w Brzegu Dolnym, zosta\u0142 zaliczony do zak\u0142ad\u00f3w o [&hellip;]\" \/>\n<meta property=\"og:url\" content=\"https:\/\/vitapp.com.pl\/en\/ekologia\/powazne-awarie-przemyslowe\/\" \/>\n<meta property=\"og:site_name\" content=\"\u00a0Vita Polymers Polska\" \/>\n<meta property=\"article:publisher\" content=\"https:\/\/www.facebook.com\/profile.php?id=715138245179094\" \/>\n<meta property=\"article:modified_time\" content=\"2020-10-21T14:01:13+00:00\" \/>\n<meta name=\"twitter:card\" content=\"summary_large_image\" \/>\n<meta name=\"twitter:label1\" content=\"Szacowany czas czytania\" \/>\n\t<meta name=\"twitter:data1\" content=\"1 minuta\" \/>\n<script type=\"application\/ld+json\" class=\"yoast-schema-graph\">{\"@context\":\"https:\/\/schema.org\",\"@graph\":[{\"@type\":\"WebPage\",\"@id\":\"https:\/\/vitapp.com.pl\/en\/ekologia\/powazne-awarie-przemyslowe\/\",\"url\":\"https:\/\/vitapp.com.pl\/en\/ekologia\/powazne-awarie-przemyslowe\/\",\"name\":\"Powa\u017cne awarie przemys\u0142owe |\",\"isPartOf\":{\"@id\":\"https:\/\/vitapp.com.pl\/en\/#website\"},\"datePublished\":\"2020-10-21T13:52:13+00:00\",\"dateModified\":\"2020-10-21T14:01:13+00:00\",\"breadcrumb\":{\"@id\":\"https:\/\/vitapp.com.pl\/en\/ekologia\/powazne-awarie-przemyslowe\/#breadcrumb\"},\"inLanguage\":\"pl-PL\",\"potentialAction\":[{\"@type\":\"ReadAction\",\"target\":[\"https:\/\/vitapp.com.pl\/en\/ekologia\/powazne-awarie-przemyslowe\/\"]}]},{\"@type\":\"BreadcrumbList\",\"@id\":\"https:\/\/vitapp.com.pl\/en\/ekologia\/powazne-awarie-przemyslowe\/#breadcrumb\",\"itemListElement\":[{\"@type\":\"ListItem\",\"position\":1,\"name\":\"Strona g\u0142\u00f3wna\",\"item\":\"https:\/\/vitapp.com.pl\/\"},{\"@type\":\"ListItem\",\"position\":2,\"name\":\"Ekologia\",\"item\":\"https:\/\/vitapp.com.pl\/ekologia\/\"},{\"@type\":\"ListItem\",\"position\":3,\"name\":\"Powa\u017cne awarie przemys\u0142owe\"}]},{\"@type\":\"WebSite\",\"@id\":\"https:\/\/vitapp.com.pl\/en\/#website\",\"url\":\"https:\/\/vitapp.com.pl\/en\/\",\"name\":\"\u00a0Vita Polymers Polska\",\"description\":\"\",\"publisher\":{\"@id\":\"https:\/\/vitapp.com.pl\/en\/#organization\"},\"potentialAction\":[{\"@type\":\"SearchAction\",\"target\":{\"@type\":\"EntryPoint\",\"urlTemplate\":\"https:\/\/vitapp.com.pl\/en\/?s={search_term_string}\"},\"query-input\":\"required name=search_term_string\"}],\"inLanguage\":\"pl-PL\"},{\"@type\":\"Organization\",\"@id\":\"https:\/\/vitapp.com.pl\/en\/#organization\",\"name\":\"Vita Polymers Polska | Producent pianki poliuretanowej\",\"url\":\"https:\/\/vitapp.com.pl\/en\/\",\"logo\":{\"@type\":\"ImageObject\",\"inLanguage\":\"pl-PL\",\"@id\":\"https:\/\/vitapp.com.pl\/en\/#\/schema\/logo\/image\/\",\"url\":\"https:\/\/vitapp.com.pl\/wp-content\/uploads\/2023\/02\/vitapp-producent-pianki-poliuretanowej-Polska.png\",\"contentUrl\":\"https:\/\/vitapp.com.pl\/wp-content\/uploads\/2023\/02\/vitapp-producent-pianki-poliuretanowej-Polska.png\",\"width\":141,\"height\":162,\"caption\":\"Vita Polymers Polska | Producent pianki poliuretanowej\"},\"image\":{\"@id\":\"https:\/\/vitapp.com.pl\/en\/#\/schema\/logo\/image\/\"},\"sameAs\":[\"https:\/\/www.facebook.com\/profile.php?id=715138245179094\"]}]}<\/script>\n<!-- \/ Yoast SEO plugin. -->","yoast_head_json":{"title":"Powa\u017cne awarie przemys\u0142owe |","robots":{"index":"index","follow":"follow","max-snippet":"max-snippet:-1","max-image-preview":"max-image-preview:large","max-video-preview":"max-video-preview:-1"},"canonical":"https:\/\/vitapp.com.pl\/en\/ekologia\/powazne-awarie-przemyslowe\/","og_locale":"pl_PL","og_type":"article","og_title":"Powa\u017cne awarie przemys\u0142owe |","og_description":"Powa\u017cne awarie przemys\u0142owe Zgodnie z wymogami Ustawy &#8222;Prawo Ochrony \u015arodowiska&#8221; oraz Rozporz\u0105dzenia w sprawie rodzaj\u00f3w i ilo\u015bci substancji niebezpiecznych, kt\u00f3rych znajdowanie si\u0119 w zak\u0142adzie decyduje o zaliczeniu go do zak\u0142adu o zwi\u0119kszonym ryzyku albo zak\u0142adu o du\u017cym ryzyku wyst\u0105pienia powa\u017cnej awarii przemys\u0142owej, zak\u0142ad produkcyjny Vita Polymers Poland w Brzegu Dolnym, zosta\u0142 zaliczony do zak\u0142ad\u00f3w o [&hellip;]","og_url":"https:\/\/vitapp.com.pl\/en\/ekologia\/powazne-awarie-przemyslowe\/","og_site_name":"\u00a0Vita Polymers Polska","article_publisher":"https:\/\/www.facebook.com\/profile.php?id=715138245179094","article_modified_time":"2020-10-21T14:01:13+00:00","twitter_card":"summary_large_image","twitter_misc":{"Szacowany czas czytania":"1 minuta"},"schema":{"@context":"https:\/\/schema.org","@graph":[{"@type":"WebPage","@id":"https:\/\/vitapp.com.pl\/en\/ekologia\/powazne-awarie-przemyslowe\/","url":"https:\/\/vitapp.com.pl\/en\/ekologia\/powazne-awarie-przemyslowe\/","name":"Powa\u017cne awarie przemys\u0142owe |","isPartOf":{"@id":"https:\/\/vitapp.com.pl\/en\/#website"},"datePublished":"2020-10-21T13:52:13+00:00","dateModified":"2020-10-21T14:01:13+00:00","breadcrumb":{"@id":"https:\/\/vitapp.com.pl\/en\/ekologia\/powazne-awarie-przemyslowe\/#breadcrumb"},"inLanguage":"pl-PL","potentialAction":[{"@type":"ReadAction","target":["https:\/\/vitapp.com.pl\/en\/ekologia\/powazne-awarie-przemyslowe\/"]}]},{"@type":"BreadcrumbList","@id":"https:\/\/vitapp.com.pl\/en\/ekologia\/powazne-awarie-przemyslowe\/#breadcrumb","itemListElement":[{"@type":"ListItem","position":1,"name":"Strona g\u0142\u00f3wna","item":"https:\/\/vitapp.com.pl\/"},{"@type":"ListItem","position":2,"name":"Ekologia","item":"https:\/\/vitapp.com.pl\/ekologia\/"},{"@type":"ListItem","position":3,"name":"Powa\u017cne awarie przemys\u0142owe"}]},{"@type":"WebSite","@id":"https:\/\/vitapp.com.pl\/en\/#website","url":"https:\/\/vitapp.com.pl\/en\/","name":"\u00a0Vita Polymers Polska","description":"","publisher":{"@id":"https:\/\/vitapp.com.pl\/en\/#organization"},"potentialAction":[{"@type":"SearchAction","target":{"@type":"EntryPoint","urlTemplate":"https:\/\/vitapp.com.pl\/en\/?s={search_term_string}"},"query-input":"required name=search_term_string"}],"inLanguage":"pl-PL"},{"@type":"Organization","@id":"https:\/\/vitapp.com.pl\/en\/#organization","name":"Vita Polymers Polska | Producent pianki poliuretanowej","url":"https:\/\/vitapp.com.pl\/en\/","logo":{"@type":"ImageObject","inLanguage":"pl-PL","@id":"https:\/\/vitapp.com.pl\/en\/#\/schema\/logo\/image\/","url":"https:\/\/vitapp.com.pl\/wp-content\/uploads\/2023\/02\/vitapp-producent-pianki-poliuretanowej-Polska.png","contentUrl":"https:\/\/vitapp.com.pl\/wp-content\/uploads\/2023\/02\/vitapp-producent-pianki-poliuretanowej-Polska.png","width":141,"height":162,"caption":"Vita Polymers Polska | Producent pianki poliuretanowej"},"image":{"@id":"https:\/\/vitapp.com.pl\/en\/#\/schema\/logo\/image\/"},"sameAs":["https:\/\/www.facebook.com\/profile.php?id=715138245179094"]}]}},"_links":{"self":[{"href":"https:\/\/vitapp.com.pl\/en\/wp-json\/wp\/v2\/pages\/524"}],"collection":[{"href":"https:\/\/vitapp.com.pl\/en\/wp-json\/wp\/v2\/pages"}],"about":[{"href":"https:\/\/vitapp.com.pl\/en\/wp-json\/wp\/v2\/types\/page"}],"author":[{"embeddable":true,"href":"https:\/\/vitapp.com.pl\/en\/wp-json\/wp\/v2\/users\/2"}],"replies":[{"embeddable":true,"href":"https:\/\/vitapp.com.pl\/en\/wp-json\/wp\/v2\/comments?post=524"}],"version-history":[{"count":2,"href":"https:\/\/vitapp.com.pl\/en\/wp-json\/wp\/v2\/pages\/524\/revisions"}],"predecessor-version":[{"id":526,"href":"https:\/\/vitapp.com.pl\/en\/wp-json\/wp\/v2\/pages\/524\/revisions\/526"}],"up":[{"embeddable":true,"href":"https:\/\/vitapp.com.pl\/en\/wp-json\/wp\/v2\/pages\/55"}],"wp:attachment":[{"href":"https:\/\/vitapp.com.pl\/en\/wp-json\/wp\/v2\/media?parent=524"}],"curies":[{"name":"wp","href":"https:\/\/api.w.org\/{rel}","templated":true}]}}