{"id":379,"date":"2020-07-21T15:53:48","date_gmt":"2020-07-21T13:53:48","guid":{"rendered":"https:\/\/vitapp.com.pl\/?page_id=379"},"modified":"2020-10-05T10:29:13","modified_gmt":"2020-10-05T08:29:13","slug":"pianki-dla-przemyslu-motoryzacyjnego","status":"publish","type":"page","link":"https:\/\/vitapp.com.pl\/en\/pianki-dla-przemyslu-motoryzacyjnego\/","title":{"rendered":"Pianki dla przemys\u0142u motoryzacyjnego"},"content":{"rendered":"<h3>Pianki dla przemys\u0142u motoryzacyjnego<\/h3>\n<p>Pianki typu METZOPROTECT (MP) wykorzystywane na siedzeniach samolotowych, posiadaj\u0105 atesty brytyjskie (Bunsen Burner Test, Karosene Burner Test, Airbus Technical Specyfication).<\/p>\n<p>Pianki typu TRANSPROTECT (TP) stosowane s\u0105 od wielu lat do produkcji siedze\u0144 w transporcie publicznym ko\u0142owym i szynowym, posiadaj\u0105 atesty wymagane przez Koleje brytyjskie i ameryka\u0144skie oraz Certyfikat Ministerstwa Obrony UK.<\/p>\n<p>Pianki GRAPHITE w zale\u017cno\u015bci od typu pianki posiadaj\u0105 przenikalno\u015b\u0107 powietrza od 100 do 350l\/min.<\/p>\n<p>Ka\u017cda partia produkcyjna pianek GRAPHITE testowana jest w lokalnym laboratorium kontroli jako\u015bci Vita pod katem w\u0142asno\u015bci fizykomechanicznych oraz trudnopalno\u015bci wed\u0142ug stosownych Norm mi\u0119dzynarodowych i bran\u017cowych. Pianki w okresie 6-12 miesi\u0119cy od produkcji s\u0105 testowane r\u00f3wnie\u017c w uznanym zewn\u0119trznym laboratorium w celu uzyskania wymaganego Certyfikatu Trudnopalno\u015bci.<\/p>\n<p>W naszej ofercie: Pianki GRAPHITE w przedziale g\u0119sto\u015bci pozornej od 40 do 65 kg\/m3.<\/p>\n","protected":false},"excerpt":{"rendered":"<p>Pianki dla przemys\u0142u motoryzacyjnego Pianki typu METZOPROTECT (MP) wykorzystywane na siedzeniach samolotowych, posiadaj\u0105 atesty brytyjskie (Bunsen Burner Test, Karosene Burner Test, Airbus Technical Specyfication). Pianki typu TRANSPROTECT (TP) stosowane s\u0105 od wielu lat do produkcji siedze\u0144 w transporcie publicznym ko\u0142owym i szynowym, posiadaj\u0105 atesty wymagane przez Koleje brytyjskie i ameryka\u0144skie oraz Certyfikat Ministerstwa Obrony UK. [&hellip;]<\/p>\n","protected":false},"author":2,"featured_media":0,"parent":0,"menu_order":330,"comment_status":"closed","ping_status":"closed","template":"","meta":[],"yoast_head":"<!-- This site is optimized with the Yoast SEO plugin v19.10 - https:\/\/yoast.com\/wordpress\/plugins\/seo\/ -->\n<title>Pianki dla przemys\u0142u motoryzacyjnego |<\/title>\n<meta name=\"robots\" content=\"index, follow, max-snippet:-1, max-image-preview:large, max-video-preview:-1\" \/>\n<link rel=\"canonical\" href=\"https:\/\/vitapp.com.pl\/pianki-dla-przemyslu-motoryzacyjnego\/\" \/>\n<meta property=\"og:locale\" content=\"pl_PL\" \/>\n<meta property=\"og:type\" content=\"article\" \/>\n<meta property=\"og:title\" content=\"Pianki dla przemys\u0142u motoryzacyjnego |\" \/>\n<meta property=\"og:description\" content=\"Pianki dla przemys\u0142u motoryzacyjnego Pianki typu METZOPROTECT (MP) wykorzystywane na siedzeniach samolotowych, posiadaj\u0105 atesty brytyjskie (Bunsen Burner Test, Karosene Burner Test, Airbus Technical Specyfication). Pianki typu TRANSPROTECT (TP) stosowane s\u0105 od wielu lat do produkcji siedze\u0144 w transporcie publicznym ko\u0142owym i szynowym, posiadaj\u0105 atesty wymagane przez Koleje brytyjskie i ameryka\u0144skie oraz Certyfikat Ministerstwa Obrony UK. [&hellip;]\" \/>\n<meta property=\"og:url\" content=\"https:\/\/vitapp.com.pl\/pianki-dla-przemyslu-motoryzacyjnego\/\" \/>\n<meta property=\"og:site_name\" content=\"\u00a0Vita Polymers Polska\" \/>\n<meta property=\"article:publisher\" content=\"https:\/\/www.facebook.com\/profile.php?id=715138245179094\" \/>\n<meta property=\"article:modified_time\" content=\"2020-10-05T08:29:13+00:00\" \/>\n<meta name=\"twitter:card\" content=\"summary_large_image\" \/>\n<meta name=\"twitter:label1\" content=\"Szacowany czas czytania\" \/>\n\t<meta name=\"twitter:data1\" content=\"1 minuta\" \/>\n<script type=\"application\/ld+json\" class=\"yoast-schema-graph\">{\"@context\":\"https:\/\/schema.org\",\"@graph\":[{\"@type\":\"WebPage\",\"@id\":\"https:\/\/vitapp.com.pl\/pianki-dla-przemyslu-motoryzacyjnego\/\",\"url\":\"https:\/\/vitapp.com.pl\/pianki-dla-przemyslu-motoryzacyjnego\/\",\"name\":\"Pianki dla przemys\u0142u motoryzacyjnego |\",\"isPartOf\":{\"@id\":\"https:\/\/vitapp.com.pl\/en\/#website\"},\"datePublished\":\"2020-07-21T13:53:48+00:00\",\"dateModified\":\"2020-10-05T08:29:13+00:00\",\"breadcrumb\":{\"@id\":\"https:\/\/vitapp.com.pl\/pianki-dla-przemyslu-motoryzacyjnego\/#breadcrumb\"},\"inLanguage\":\"pl-PL\",\"potentialAction\":[{\"@type\":\"ReadAction\",\"target\":[\"https:\/\/vitapp.com.pl\/pianki-dla-przemyslu-motoryzacyjnego\/\"]}]},{\"@type\":\"BreadcrumbList\",\"@id\":\"https:\/\/vitapp.com.pl\/pianki-dla-przemyslu-motoryzacyjnego\/#breadcrumb\",\"itemListElement\":[{\"@type\":\"ListItem\",\"position\":1,\"name\":\"Strona g\u0142\u00f3wna\",\"item\":\"https:\/\/vitapp.com.pl\/\"},{\"@type\":\"ListItem\",\"position\":2,\"name\":\"Pianki dla przemys\u0142u motoryzacyjnego\"}]},{\"@type\":\"WebSite\",\"@id\":\"https:\/\/vitapp.com.pl\/en\/#website\",\"url\":\"https:\/\/vitapp.com.pl\/en\/\",\"name\":\"\u00a0Vita Polymers Polska\",\"description\":\"\",\"publisher\":{\"@id\":\"https:\/\/vitapp.com.pl\/en\/#organization\"},\"potentialAction\":[{\"@type\":\"SearchAction\",\"target\":{\"@type\":\"EntryPoint\",\"urlTemplate\":\"https:\/\/vitapp.com.pl\/en\/?s={search_term_string}\"},\"query-input\":\"required name=search_term_string\"}],\"inLanguage\":\"pl-PL\"},{\"@type\":\"Organization\",\"@id\":\"https:\/\/vitapp.com.pl\/en\/#organization\",\"name\":\"Vita Polymers Polska | Producent pianki poliuretanowej\",\"url\":\"https:\/\/vitapp.com.pl\/en\/\",\"logo\":{\"@type\":\"ImageObject\",\"inLanguage\":\"pl-PL\",\"@id\":\"https:\/\/vitapp.com.pl\/en\/#\/schema\/logo\/image\/\",\"url\":\"https:\/\/vitapp.com.pl\/wp-content\/uploads\/2023\/02\/vitapp-producent-pianki-poliuretanowej-Polska.png\",\"contentUrl\":\"https:\/\/vitapp.com.pl\/wp-content\/uploads\/2023\/02\/vitapp-producent-pianki-poliuretanowej-Polska.png\",\"width\":141,\"height\":162,\"caption\":\"Vita Polymers Polska | Producent pianki poliuretanowej\"},\"image\":{\"@id\":\"https:\/\/vitapp.com.pl\/en\/#\/schema\/logo\/image\/\"},\"sameAs\":[\"https:\/\/www.facebook.com\/profile.php?id=715138245179094\"]}]}<\/script>\n<!-- \/ Yoast SEO plugin. -->","yoast_head_json":{"title":"Pianki dla przemys\u0142u motoryzacyjnego |","robots":{"index":"index","follow":"follow","max-snippet":"max-snippet:-1","max-image-preview":"max-image-preview:large","max-video-preview":"max-video-preview:-1"},"canonical":"https:\/\/vitapp.com.pl\/pianki-dla-przemyslu-motoryzacyjnego\/","og_locale":"pl_PL","og_type":"article","og_title":"Pianki dla przemys\u0142u motoryzacyjnego |","og_description":"Pianki dla przemys\u0142u motoryzacyjnego Pianki typu METZOPROTECT (MP) wykorzystywane na siedzeniach samolotowych, posiadaj\u0105 atesty brytyjskie (Bunsen Burner Test, Karosene Burner Test, Airbus Technical Specyfication). Pianki typu TRANSPROTECT (TP) stosowane s\u0105 od wielu lat do produkcji siedze\u0144 w transporcie publicznym ko\u0142owym i szynowym, posiadaj\u0105 atesty wymagane przez Koleje brytyjskie i ameryka\u0144skie oraz Certyfikat Ministerstwa Obrony UK. [&hellip;]","og_url":"https:\/\/vitapp.com.pl\/pianki-dla-przemyslu-motoryzacyjnego\/","og_site_name":"\u00a0Vita Polymers Polska","article_publisher":"https:\/\/www.facebook.com\/profile.php?id=715138245179094","article_modified_time":"2020-10-05T08:29:13+00:00","twitter_card":"summary_large_image","twitter_misc":{"Szacowany czas czytania":"1 minuta"},"schema":{"@context":"https:\/\/schema.org","@graph":[{"@type":"WebPage","@id":"https:\/\/vitapp.com.pl\/pianki-dla-przemyslu-motoryzacyjnego\/","url":"https:\/\/vitapp.com.pl\/pianki-dla-przemyslu-motoryzacyjnego\/","name":"Pianki dla przemys\u0142u motoryzacyjnego |","isPartOf":{"@id":"https:\/\/vitapp.com.pl\/en\/#website"},"datePublished":"2020-07-21T13:53:48+00:00","dateModified":"2020-10-05T08:29:13+00:00","breadcrumb":{"@id":"https:\/\/vitapp.com.pl\/pianki-dla-przemyslu-motoryzacyjnego\/#breadcrumb"},"inLanguage":"pl-PL","potentialAction":[{"@type":"ReadAction","target":["https:\/\/vitapp.com.pl\/pianki-dla-przemyslu-motoryzacyjnego\/"]}]},{"@type":"BreadcrumbList","@id":"https:\/\/vitapp.com.pl\/pianki-dla-przemyslu-motoryzacyjnego\/#breadcrumb","itemListElement":[{"@type":"ListItem","position":1,"name":"Strona g\u0142\u00f3wna","item":"https:\/\/vitapp.com.pl\/"},{"@type":"ListItem","position":2,"name":"Pianki dla przemys\u0142u motoryzacyjnego"}]},{"@type":"WebSite","@id":"https:\/\/vitapp.com.pl\/en\/#website","url":"https:\/\/vitapp.com.pl\/en\/","name":"\u00a0Vita Polymers Polska","description":"","publisher":{"@id":"https:\/\/vitapp.com.pl\/en\/#organization"},"potentialAction":[{"@type":"SearchAction","target":{"@type":"EntryPoint","urlTemplate":"https:\/\/vitapp.com.pl\/en\/?s={search_term_string}"},"query-input":"required name=search_term_string"}],"inLanguage":"pl-PL"},{"@type":"Organization","@id":"https:\/\/vitapp.com.pl\/en\/#organization","name":"Vita Polymers Polska | Producent pianki poliuretanowej","url":"https:\/\/vitapp.com.pl\/en\/","logo":{"@type":"ImageObject","inLanguage":"pl-PL","@id":"https:\/\/vitapp.com.pl\/en\/#\/schema\/logo\/image\/","url":"https:\/\/vitapp.com.pl\/wp-content\/uploads\/2023\/02\/vitapp-producent-pianki-poliuretanowej-Polska.png","contentUrl":"https:\/\/vitapp.com.pl\/wp-content\/uploads\/2023\/02\/vitapp-producent-pianki-poliuretanowej-Polska.png","width":141,"height":162,"caption":"Vita Polymers Polska | Producent pianki poliuretanowej"},"image":{"@id":"https:\/\/vitapp.com.pl\/en\/#\/schema\/logo\/image\/"},"sameAs":["https:\/\/www.facebook.com\/profile.php?id=715138245179094"]}]}},"_links":{"self":[{"href":"https:\/\/vitapp.com.pl\/en\/wp-json\/wp\/v2\/pages\/379"}],"collection":[{"href":"https:\/\/vitapp.com.pl\/en\/wp-json\/wp\/v2\/pages"}],"about":[{"href":"https:\/\/vitapp.com.pl\/en\/wp-json\/wp\/v2\/types\/page"}],"author":[{"embeddable":true,"href":"https:\/\/vitapp.com.pl\/en\/wp-json\/wp\/v2\/users\/2"}],"replies":[{"embeddable":true,"href":"https:\/\/vitapp.com.pl\/en\/wp-json\/wp\/v2\/comments?post=379"}],"version-history":[{"count":1,"href":"https:\/\/vitapp.com.pl\/en\/wp-json\/wp\/v2\/pages\/379\/revisions"}],"predecessor-version":[{"id":512,"href":"https:\/\/vitapp.com.pl\/en\/wp-json\/wp\/v2\/pages\/379\/revisions\/512"}],"wp:attachment":[{"href":"https:\/\/vitapp.com.pl\/en\/wp-json\/wp\/v2\/media?parent=379"}],"curies":[{"name":"wp","href":"https:\/\/api.w.org\/{rel}","templated":true}]}}