{"id":366,"date":"2020-07-21T15:32:52","date_gmt":"2020-07-21T13:32:52","guid":{"rendered":"https:\/\/vitapp.com.pl\/?page_id=366"},"modified":"2020-10-05T09:34:31","modified_gmt":"2020-10-05T07:34:31","slug":"pianki-dla-przemyslu-higienicznego","status":"publish","type":"page","link":"https:\/\/vitapp.com.pl\/en\/pianki-dla-przemyslu-higienicznego\/","title":{"rendered":"Pianki dla przemys\u0142u higienicznego"},"content":{"rendered":"<h3>Pianki kolorowe VITAPOL dla przemys\u0142u higienicznego<\/h3>\n<p>W ofercie Vita Polymers Poland znajduje si\u0119 ponad 50 r\u00f3\u017cnych typ\u00f3w pianek kolorowych:<\/p>\n<ul>\n<li>pianki KOLOROWE otwartokom\u00f3rkowe o g\u0119sto\u015bci pozornej 18 kg\/m3 ponad 15 r\u00f3\u017cnych kolor\u00f3w<\/li>\n<li>pianki KOLOROWE otwartokom\u00f3rkowe o g\u0119sto\u015bci pozornej 22 kg\/m3\u00a0 ponad 20\u00a0 r\u00f3\u017cnych kolor\u00f3w<\/li>\n<li>pianki KOLOROWE otwartokom\u00f3rkowe o g\u0119sto\u015bci pozornej 25 kg\/m3 ponad 10 r\u00f3\u017cnych kolor\u00f3w<\/li>\n<li>pianki KOLOROWE otwartokom\u00f3rkowe z dodatkiem antybakteryjnym ULTRA FRESH \u2013 mog\u0105 obejmowa\u0107 wszystkie powy\u017csze typy pianek<\/li>\n<li>pianki KOLOROWE otwartokom\u00f3rkowe strukturalne<\/li>\n<li>pianki KOLOROWE otwartokom\u00f3rkowe na specjalne zam\u00f3wienie \u2013 kolory specjalne oparte na wzorniku PANTONE<\/li>\n<li>pianki KOLOROWE\u00a0 w nawoju o grubo\u015bci od 2 do 20 mm<\/li>\n<\/ul>\n","protected":false},"excerpt":{"rendered":"<p>Pianki kolorowe VITAPOL dla przemys\u0142u higienicznego W ofercie Vita Polymers Poland znajduje si\u0119 ponad 50 r\u00f3\u017cnych typ\u00f3w pianek kolorowych: pianki KOLOROWE otwartokom\u00f3rkowe o g\u0119sto\u015bci pozornej 18 kg\/m3 ponad 15 r\u00f3\u017cnych kolor\u00f3w pianki KOLOROWE otwartokom\u00f3rkowe o g\u0119sto\u015bci pozornej 22 kg\/m3\u00a0 ponad 20\u00a0 r\u00f3\u017cnych kolor\u00f3w pianki KOLOROWE otwartokom\u00f3rkowe o g\u0119sto\u015bci pozornej 25 kg\/m3 ponad 10 r\u00f3\u017cnych kolor\u00f3w [&hellip;]<\/p>\n","protected":false},"author":2,"featured_media":0,"parent":0,"menu_order":300,"comment_status":"closed","ping_status":"closed","template":"","meta":[],"yoast_head":"<!-- This site is optimized with the Yoast SEO plugin v19.10 - https:\/\/yoast.com\/wordpress\/plugins\/seo\/ -->\n<title>Pianki dla przemys\u0142u higienicznego |<\/title>\n<meta name=\"robots\" content=\"index, follow, max-snippet:-1, max-image-preview:large, max-video-preview:-1\" \/>\n<link rel=\"canonical\" href=\"https:\/\/vitapp.com.pl\/en\/pianki-dla-przemyslu-higienicznego\/\" \/>\n<meta property=\"og:locale\" content=\"pl_PL\" \/>\n<meta property=\"og:type\" content=\"article\" \/>\n<meta property=\"og:title\" content=\"Pianki dla przemys\u0142u higienicznego |\" \/>\n<meta property=\"og:description\" content=\"Pianki kolorowe VITAPOL dla przemys\u0142u higienicznego W ofercie Vita Polymers Poland znajduje si\u0119 ponad 50 r\u00f3\u017cnych typ\u00f3w pianek kolorowych: pianki KOLOROWE otwartokom\u00f3rkowe o g\u0119sto\u015bci pozornej 18 kg\/m3 ponad 15 r\u00f3\u017cnych kolor\u00f3w pianki KOLOROWE otwartokom\u00f3rkowe o g\u0119sto\u015bci pozornej 22 kg\/m3\u00a0 ponad 20\u00a0 r\u00f3\u017cnych kolor\u00f3w pianki KOLOROWE otwartokom\u00f3rkowe o g\u0119sto\u015bci pozornej 25 kg\/m3 ponad 10 r\u00f3\u017cnych kolor\u00f3w [&hellip;]\" \/>\n<meta property=\"og:url\" content=\"https:\/\/vitapp.com.pl\/en\/pianki-dla-przemyslu-higienicznego\/\" \/>\n<meta property=\"og:site_name\" content=\"\u00a0Vita Polymers Polska\" \/>\n<meta property=\"article:publisher\" content=\"https:\/\/www.facebook.com\/profile.php?id=715138245179094\" \/>\n<meta property=\"article:modified_time\" content=\"2020-10-05T07:34:31+00:00\" \/>\n<meta name=\"twitter:card\" content=\"summary_large_image\" \/>\n<meta name=\"twitter:label1\" content=\"Szacowany czas czytania\" \/>\n\t<meta name=\"twitter:data1\" content=\"1 minuta\" \/>\n<script type=\"application\/ld+json\" class=\"yoast-schema-graph\">{\"@context\":\"https:\/\/schema.org\",\"@graph\":[{\"@type\":\"WebPage\",\"@id\":\"https:\/\/vitapp.com.pl\/en\/pianki-dla-przemyslu-higienicznego\/\",\"url\":\"https:\/\/vitapp.com.pl\/en\/pianki-dla-przemyslu-higienicznego\/\",\"name\":\"Pianki dla przemys\u0142u higienicznego |\",\"isPartOf\":{\"@id\":\"https:\/\/vitapp.com.pl\/en\/#website\"},\"datePublished\":\"2020-07-21T13:32:52+00:00\",\"dateModified\":\"2020-10-05T07:34:31+00:00\",\"breadcrumb\":{\"@id\":\"https:\/\/vitapp.com.pl\/en\/pianki-dla-przemyslu-higienicznego\/#breadcrumb\"},\"inLanguage\":\"pl-PL\",\"potentialAction\":[{\"@type\":\"ReadAction\",\"target\":[\"https:\/\/vitapp.com.pl\/en\/pianki-dla-przemyslu-higienicznego\/\"]}]},{\"@type\":\"BreadcrumbList\",\"@id\":\"https:\/\/vitapp.com.pl\/en\/pianki-dla-przemyslu-higienicznego\/#breadcrumb\",\"itemListElement\":[{\"@type\":\"ListItem\",\"position\":1,\"name\":\"Strona g\u0142\u00f3wna\",\"item\":\"https:\/\/vitapp.com.pl\/\"},{\"@type\":\"ListItem\",\"position\":2,\"name\":\"Pianki dla przemys\u0142u higienicznego\"}]},{\"@type\":\"WebSite\",\"@id\":\"https:\/\/vitapp.com.pl\/en\/#website\",\"url\":\"https:\/\/vitapp.com.pl\/en\/\",\"name\":\"\u00a0Vita Polymers Polska\",\"description\":\"\",\"publisher\":{\"@id\":\"https:\/\/vitapp.com.pl\/en\/#organization\"},\"potentialAction\":[{\"@type\":\"SearchAction\",\"target\":{\"@type\":\"EntryPoint\",\"urlTemplate\":\"https:\/\/vitapp.com.pl\/en\/?s={search_term_string}\"},\"query-input\":\"required name=search_term_string\"}],\"inLanguage\":\"pl-PL\"},{\"@type\":\"Organization\",\"@id\":\"https:\/\/vitapp.com.pl\/en\/#organization\",\"name\":\"Vita Polymers Polska | Producent pianki poliuretanowej\",\"url\":\"https:\/\/vitapp.com.pl\/en\/\",\"logo\":{\"@type\":\"ImageObject\",\"inLanguage\":\"pl-PL\",\"@id\":\"https:\/\/vitapp.com.pl\/en\/#\/schema\/logo\/image\/\",\"url\":\"https:\/\/vitapp.com.pl\/wp-content\/uploads\/2023\/02\/vitapp-producent-pianki-poliuretanowej-Polska.png\",\"contentUrl\":\"https:\/\/vitapp.com.pl\/wp-content\/uploads\/2023\/02\/vitapp-producent-pianki-poliuretanowej-Polska.png\",\"width\":141,\"height\":162,\"caption\":\"Vita Polymers Polska | Producent pianki poliuretanowej\"},\"image\":{\"@id\":\"https:\/\/vitapp.com.pl\/en\/#\/schema\/logo\/image\/\"},\"sameAs\":[\"https:\/\/www.facebook.com\/profile.php?id=715138245179094\"]}]}<\/script>\n<!-- \/ Yoast SEO plugin. -->","yoast_head_json":{"title":"Pianki dla przemys\u0142u higienicznego |","robots":{"index":"index","follow":"follow","max-snippet":"max-snippet:-1","max-image-preview":"max-image-preview:large","max-video-preview":"max-video-preview:-1"},"canonical":"https:\/\/vitapp.com.pl\/en\/pianki-dla-przemyslu-higienicznego\/","og_locale":"pl_PL","og_type":"article","og_title":"Pianki dla przemys\u0142u higienicznego |","og_description":"Pianki kolorowe VITAPOL dla przemys\u0142u higienicznego W ofercie Vita Polymers Poland znajduje si\u0119 ponad 50 r\u00f3\u017cnych typ\u00f3w pianek kolorowych: pianki KOLOROWE otwartokom\u00f3rkowe o g\u0119sto\u015bci pozornej 18 kg\/m3 ponad 15 r\u00f3\u017cnych kolor\u00f3w pianki KOLOROWE otwartokom\u00f3rkowe o g\u0119sto\u015bci pozornej 22 kg\/m3\u00a0 ponad 20\u00a0 r\u00f3\u017cnych kolor\u00f3w pianki KOLOROWE otwartokom\u00f3rkowe o g\u0119sto\u015bci pozornej 25 kg\/m3 ponad 10 r\u00f3\u017cnych kolor\u00f3w [&hellip;]","og_url":"https:\/\/vitapp.com.pl\/en\/pianki-dla-przemyslu-higienicznego\/","og_site_name":"\u00a0Vita Polymers Polska","article_publisher":"https:\/\/www.facebook.com\/profile.php?id=715138245179094","article_modified_time":"2020-10-05T07:34:31+00:00","twitter_card":"summary_large_image","twitter_misc":{"Szacowany czas czytania":"1 minuta"},"schema":{"@context":"https:\/\/schema.org","@graph":[{"@type":"WebPage","@id":"https:\/\/vitapp.com.pl\/en\/pianki-dla-przemyslu-higienicznego\/","url":"https:\/\/vitapp.com.pl\/en\/pianki-dla-przemyslu-higienicznego\/","name":"Pianki dla przemys\u0142u higienicznego |","isPartOf":{"@id":"https:\/\/vitapp.com.pl\/en\/#website"},"datePublished":"2020-07-21T13:32:52+00:00","dateModified":"2020-10-05T07:34:31+00:00","breadcrumb":{"@id":"https:\/\/vitapp.com.pl\/en\/pianki-dla-przemyslu-higienicznego\/#breadcrumb"},"inLanguage":"pl-PL","potentialAction":[{"@type":"ReadAction","target":["https:\/\/vitapp.com.pl\/en\/pianki-dla-przemyslu-higienicznego\/"]}]},{"@type":"BreadcrumbList","@id":"https:\/\/vitapp.com.pl\/en\/pianki-dla-przemyslu-higienicznego\/#breadcrumb","itemListElement":[{"@type":"ListItem","position":1,"name":"Strona g\u0142\u00f3wna","item":"https:\/\/vitapp.com.pl\/"},{"@type":"ListItem","position":2,"name":"Pianki dla przemys\u0142u higienicznego"}]},{"@type":"WebSite","@id":"https:\/\/vitapp.com.pl\/en\/#website","url":"https:\/\/vitapp.com.pl\/en\/","name":"\u00a0Vita Polymers Polska","description":"","publisher":{"@id":"https:\/\/vitapp.com.pl\/en\/#organization"},"potentialAction":[{"@type":"SearchAction","target":{"@type":"EntryPoint","urlTemplate":"https:\/\/vitapp.com.pl\/en\/?s={search_term_string}"},"query-input":"required name=search_term_string"}],"inLanguage":"pl-PL"},{"@type":"Organization","@id":"https:\/\/vitapp.com.pl\/en\/#organization","name":"Vita Polymers Polska | Producent pianki poliuretanowej","url":"https:\/\/vitapp.com.pl\/en\/","logo":{"@type":"ImageObject","inLanguage":"pl-PL","@id":"https:\/\/vitapp.com.pl\/en\/#\/schema\/logo\/image\/","url":"https:\/\/vitapp.com.pl\/wp-content\/uploads\/2023\/02\/vitapp-producent-pianki-poliuretanowej-Polska.png","contentUrl":"https:\/\/vitapp.com.pl\/wp-content\/uploads\/2023\/02\/vitapp-producent-pianki-poliuretanowej-Polska.png","width":141,"height":162,"caption":"Vita Polymers Polska | Producent pianki poliuretanowej"},"image":{"@id":"https:\/\/vitapp.com.pl\/en\/#\/schema\/logo\/image\/"},"sameAs":["https:\/\/www.facebook.com\/profile.php?id=715138245179094"]}]}},"_links":{"self":[{"href":"https:\/\/vitapp.com.pl\/en\/wp-json\/wp\/v2\/pages\/366"}],"collection":[{"href":"https:\/\/vitapp.com.pl\/en\/wp-json\/wp\/v2\/pages"}],"about":[{"href":"https:\/\/vitapp.com.pl\/en\/wp-json\/wp\/v2\/types\/page"}],"author":[{"embeddable":true,"href":"https:\/\/vitapp.com.pl\/en\/wp-json\/wp\/v2\/users\/2"}],"replies":[{"embeddable":true,"href":"https:\/\/vitapp.com.pl\/en\/wp-json\/wp\/v2\/comments?post=366"}],"version-history":[{"count":1,"href":"https:\/\/vitapp.com.pl\/en\/wp-json\/wp\/v2\/pages\/366\/revisions"}],"predecessor-version":[{"id":508,"href":"https:\/\/vitapp.com.pl\/en\/wp-json\/wp\/v2\/pages\/366\/revisions\/508"}],"wp:attachment":[{"href":"https:\/\/vitapp.com.pl\/en\/wp-json\/wp\/v2\/media?parent=366"}],"curies":[{"name":"wp","href":"https:\/\/api.w.org\/{rel}","templated":true}]}}