{"id":274,"date":"2020-04-02T08:44:12","date_gmt":"2020-04-02T06:44:12","guid":{"rendered":"https:\/\/vitapp.com.pl\/?page_id=274"},"modified":"2023-09-07T13:56:22","modified_gmt":"2023-09-07T11:56:22","slug":"elastyczne-pianki-poliuretanowe-graphite","status":"publish","type":"page","link":"https:\/\/vitapp.com.pl\/en\/pianki-elastyczne\/pianki-polieterowe\/elastyczne-pianki-poliuretanowe-graphite\/","title":{"rendered":"Pianki elastyczne typu GRAPHITE"},"content":{"rendered":"<h1>Elastyczne pianki poliuretanowe Graphite<\/h1>\n<p>Nasza firma ju\u017c od wielu lat zajmuje si\u0119 dostarczaniem elastycznych pianek poliuretanowych. Prezentowane produkty s\u0105 wytwarzane z bardzo jako\u015bciowych i wytrzyma\u0142ych materia\u0142\u00f3w, co sprawia, \u017ce mog\u0105 by\u0107 u\u017cytkowane nawet przez d\u0142ugi czas bez jakichkolwiek oznak zu\u017cycia oraz zniszczenia. Dzi\u0119ki znakomitemu wykonaniu tego typu akcesoria mog\u0105 by\u0107 wykorzystywane w wielu bran\u017cach i obszarach, takich jak transport, produkcja mebli czy te\u017c \u015brodki higieniczne.<\/p>\n<p>Pianki elastyczne typu METZOPROTECT (MP) stosowane s\u0105 na siedzenia samolotowe, posiadaj\u0105 atesty brytyjskie (Bunsen Burner Test, Karosene Burner Test, Airbus Technical Specyfication).<\/p>\n<p>Pianki elastyczne typu TRANSPROTECT (TP) stosowane s\u0105 od wielu lat na siedzenia w transporcie publicznym ko\u0142owym i szynowym, posiadaj\u0105 atesty wymagane przez Koleje brytyjskie i ameryka\u0144skie oraz Certyfikat Ministerstwa Obrony UK.<\/p>\n<p>Elastyczne pianki poliuretanowe GRAPHITE w zale\u017cno\u015bci od typu pianki posiadaj\u0105 przenikalno\u015b\u0107 powietrza od 100 do 350l\/min.<\/p>\n<p>Ka\u017cda partia produkcyjna pianek GRAPHITE testowana jest w lokalnym laboratorium kontroli jako\u015bci Vita pod katem w\u0142asno\u015bci fizykomechanicznych oraz trudnopalno\u015bci wed\u0142ug stosownych Norm mi\u0119dzynarodowych i bran\u017cowych. Dodatkowo w okresie 6-12 miesi\u0119cy wykonywane s\u0105 dodatkowe testy w uznanym zewn\u0119trznym laboratorium, w celu uzyskania wymaganego Certyfikatu Trudnopalno\u015bci.<\/p>\n<p>W naszej ofercie: Pianki GRAPHITE w przedziale g\u0119sto\u015bci pozornej od 40 do 65 kg\/m3.<\/p>\n<p><strong>Wi\u0119cej informacji:<\/strong> <a href=\"mailto:brzegdolnysales@thevitagroup.com\">brzegdolnysales@thevitagroup.com<\/a>, <a href=\"mailto:brzegdolnytech@thevitagroup.com\">brzegdolnytech@thevitagroup.com<\/a><\/p>\n<h2>Pianki elastyczne \u2013 szerokie zastosowanie<\/h2>\n<p>Elastyczne pianki poliuretanowe znajduj\u0105 swoje szerokie zastosowanie w wielu obszarach. Przede wszystkim s\u0105 wykorzystywane w transporcie. Stanowi\u0105 zabezpieczenie r\u00f3\u017cnego rodzaju przedmiot\u00f3w przed uszkodzeniami mechanicznymi spowodowanymi upadkami lub wibracjami w czasie przewozu. Mo\u017cliwo\u015b\u0107 wyci\u0119cia g\u0105bek dok\u0142adnie w kszta\u0142t przewo\u017conego przedmiotu sprawia, \u017ce jest on w znakomity spos\u00f3b chroniony nie tylko przed zarysowaniami i st\u0142uczeniami, ale r\u00f3wnie\u017c przed wahaniami temperatur czy te\u017c wilgoci\u0105. Elastyczne pianki poliuretanowe bowiem \u015bwietnie poch\u0142aniaj\u0105 wilgo\u0107.<\/p>\n<p>Opr\u00f3cz tego elastyczne pianki poliuretanowe s\u0105 stosowane tak\u017ce w przemy\u015ble meblowym. Cz\u0119sto si\u0119 zdarza, \u017ce to w\u0142a\u015bnie tego typu materia\u0142y stanowi\u0105 wyposa\u017cenie kanap, foteli lub materacy znajduj\u0105cych si\u0119 w naszych domach. Bardzo wa\u017cn\u0105 cech\u0105 pianek poliuretanowych jest to, \u017ce charakteryzuj\u0105 si\u0119 doskona\u0142\u0105 izolacj\u0105 akustyczn\u0105. W\u0142a\u015bnie z tego powodu tak cz\u0119sto mo\u017cna je zobaczy\u0107 w studiach nagra\u0144, pokojach ods\u0142uchowych czy te\u017c w salach widowiskowych. Tego typu produkty t\u0142umi\u0105 echo, a tym samym zapewniaj\u0105 znakomite wra\u017cenia d\u017awi\u0119kowe.<\/p>\n<h2>Elastyczny poliuretan \u2013 znakomita jako\u015b\u0107 wykonania<\/h2>\n<p>W swojej pracy z poliuretanem wykorzystujemy nowoczesne zaplecze maszynowe, kt\u00f3re jest gwarancj\u0105 niezwyk\u0142ej precyzji podczas produkcji. Urz\u0105dzenia s\u0105 wyposa\u017cone w jako\u015bciowe narz\u0119dzia, kt\u00f3re dbaj\u0105 o to, aby pianki elastyczne na kraw\u0119dziach by\u0142y g\u0142adkie i nie posiada\u0142y charakterystycznych wyszarpa\u0144. Opr\u00f3cz tego nowoczesny system, kt\u00f3ry obs\u0142uguje maszyn\u0119 dba o to, aby na koniec procesu produkcyjnego powstawa\u0142o mo\u017cliwie najmniej odpad\u00f3w. Kadra niezwykle do\u015bwiadczonych i wykwalifikowanych pracownik\u00f3w nieustannie troszczy si\u0119 o to, aby zlecenia by\u0142y realizowane w bardzo kr\u00f3tkim czasie oczekiwania.<\/p>\n<h2>Szeroka oferta firmy<\/h2>\n<p>Zapraszamy do zapoznania si\u0119 z ca\u0142o\u015bci\u0105 oferty naszej firmy oraz do wybrania najodpowiedniejszych produkt\u00f3w dla swoich potrzeb. Szeroka propozycja przedsi\u0119biorstwa, a tak\u017ce przeprowadzone na przestrzeni ostatnich lat liczne realizacje daj\u0105 nam pewno\u015b\u0107 sprostania oczekiwaniom nawet najbardziej wymagaj\u0105cych klient\u00f3w pod wzgl\u0119dem funkcjonalno\u015bci oraz jako\u015bci wykonania akcesori\u00f3w. Elastyczne pianki poliuretanowe? Wypr\u00f3buj produkty z oferty Vita Polymers Polska.<\/p>\n","protected":false},"excerpt":{"rendered":"<p>Elastyczne pianki poliuretanowe Graphite Nasza firma ju\u017c od wielu lat zajmuje si\u0119 dostarczaniem elastycznych pianek poliuretanowych. Prezentowane produkty s\u0105 wytwarzane z bardzo jako\u015bciowych i wytrzyma\u0142ych materia\u0142\u00f3w, co sprawia, \u017ce mog\u0105 by\u0107 u\u017cytkowane nawet przez d\u0142ugi czas bez jakichkolwiek oznak zu\u017cycia oraz zniszczenia. Dzi\u0119ki znakomitemu wykonaniu tego typu akcesoria mog\u0105 by\u0107 wykorzystywane w wielu bran\u017cach i [&hellip;]<\/p>\n","protected":false},"author":2,"featured_media":0,"parent":82,"menu_order":260,"comment_status":"closed","ping_status":"closed","template":"","meta":[],"yoast_head":"<!-- This site is optimized with the Yoast SEO plugin v19.10 - https:\/\/yoast.com\/wordpress\/plugins\/seo\/ -->\n<title>Elastyczne pianki poliuretanowe Graphite |<\/title>\n<meta name=\"robots\" content=\"index, follow, max-snippet:-1, max-image-preview:large, max-video-preview:-1\" \/>\n<link rel=\"canonical\" href=\"https:\/\/vitapp.com.pl\/pianki-elastyczne\/pianki-polieterowe\/elastyczne-pianki-poliuretanowe-graphite\/\" \/>\n<meta property=\"og:locale\" content=\"pl_PL\" \/>\n<meta property=\"og:type\" content=\"article\" \/>\n<meta property=\"og:title\" content=\"Elastyczne pianki poliuretanowe Graphite |\" \/>\n<meta property=\"og:description\" content=\"Elastyczne pianki poliuretanowe Graphite Nasza firma ju\u017c od wielu lat zajmuje si\u0119 dostarczaniem elastycznych pianek poliuretanowych. Prezentowane produkty s\u0105 wytwarzane z bardzo jako\u015bciowych i wytrzyma\u0142ych materia\u0142\u00f3w, co sprawia, \u017ce mog\u0105 by\u0107 u\u017cytkowane nawet przez d\u0142ugi czas bez jakichkolwiek oznak zu\u017cycia oraz zniszczenia. Dzi\u0119ki znakomitemu wykonaniu tego typu akcesoria mog\u0105 by\u0107 wykorzystywane w wielu bran\u017cach i [&hellip;]\" \/>\n<meta property=\"og:url\" content=\"https:\/\/vitapp.com.pl\/pianki-elastyczne\/pianki-polieterowe\/elastyczne-pianki-poliuretanowe-graphite\/\" \/>\n<meta property=\"og:site_name\" content=\"\u00a0Vita Polymers Polska\" \/>\n<meta property=\"article:publisher\" content=\"https:\/\/www.facebook.com\/profile.php?id=715138245179094\" \/>\n<meta property=\"article:modified_time\" content=\"2023-09-07T11:56:22+00:00\" \/>\n<meta name=\"twitter:card\" content=\"summary_large_image\" \/>\n<meta name=\"twitter:label1\" content=\"Szacowany czas czytania\" \/>\n\t<meta name=\"twitter:data1\" content=\"3 minuty\" \/>\n<script type=\"application\/ld+json\" class=\"yoast-schema-graph\">{\"@context\":\"https:\/\/schema.org\",\"@graph\":[{\"@type\":\"WebPage\",\"@id\":\"https:\/\/vitapp.com.pl\/pianki-elastyczne\/pianki-polieterowe\/elastyczne-pianki-poliuretanowe-graphite\/\",\"url\":\"https:\/\/vitapp.com.pl\/pianki-elastyczne\/pianki-polieterowe\/elastyczne-pianki-poliuretanowe-graphite\/\",\"name\":\"Elastyczne pianki poliuretanowe Graphite |\",\"isPartOf\":{\"@id\":\"https:\/\/vitapp.com.pl\/en\/#website\"},\"datePublished\":\"2020-04-02T06:44:12+00:00\",\"dateModified\":\"2023-09-07T11:56:22+00:00\",\"breadcrumb\":{\"@id\":\"https:\/\/vitapp.com.pl\/pianki-elastyczne\/pianki-polieterowe\/elastyczne-pianki-poliuretanowe-graphite\/#breadcrumb\"},\"inLanguage\":\"pl-PL\",\"potentialAction\":[{\"@type\":\"ReadAction\",\"target\":[\"https:\/\/vitapp.com.pl\/pianki-elastyczne\/pianki-polieterowe\/elastyczne-pianki-poliuretanowe-graphite\/\"]}]},{\"@type\":\"BreadcrumbList\",\"@id\":\"https:\/\/vitapp.com.pl\/pianki-elastyczne\/pianki-polieterowe\/elastyczne-pianki-poliuretanowe-graphite\/#breadcrumb\",\"itemListElement\":[{\"@type\":\"ListItem\",\"position\":1,\"name\":\"Strona g\u0142\u00f3wna\",\"item\":\"https:\/\/vitapp.com.pl\/\"},{\"@type\":\"ListItem\",\"position\":2,\"name\":\"Pianki elastyczne\",\"item\":\"https:\/\/vitapp.com.pl\/en\/pianki-elastyczne\/\"},{\"@type\":\"ListItem\",\"position\":3,\"name\":\"Pianki polieterowe\",\"item\":\"https:\/\/vitapp.com.pl\/en\/pianki-elastyczne\/pianki-polieterowe\/\"},{\"@type\":\"ListItem\",\"position\":4,\"name\":\"Pianki elastyczne typu GRAPHITE\"}]},{\"@type\":\"WebSite\",\"@id\":\"https:\/\/vitapp.com.pl\/en\/#website\",\"url\":\"https:\/\/vitapp.com.pl\/en\/\",\"name\":\"\u00a0Vita Polymers Polska\",\"description\":\"\",\"publisher\":{\"@id\":\"https:\/\/vitapp.com.pl\/en\/#organization\"},\"potentialAction\":[{\"@type\":\"SearchAction\",\"target\":{\"@type\":\"EntryPoint\",\"urlTemplate\":\"https:\/\/vitapp.com.pl\/en\/?s={search_term_string}\"},\"query-input\":\"required name=search_term_string\"}],\"inLanguage\":\"pl-PL\"},{\"@type\":\"Organization\",\"@id\":\"https:\/\/vitapp.com.pl\/en\/#organization\",\"name\":\"Vita Polymers Polska | Producent pianki poliuretanowej\",\"url\":\"https:\/\/vitapp.com.pl\/en\/\",\"logo\":{\"@type\":\"ImageObject\",\"inLanguage\":\"pl-PL\",\"@id\":\"https:\/\/vitapp.com.pl\/en\/#\/schema\/logo\/image\/\",\"url\":\"https:\/\/vitapp.com.pl\/wp-content\/uploads\/2023\/02\/vitapp-producent-pianki-poliuretanowej-Polska.png\",\"contentUrl\":\"https:\/\/vitapp.com.pl\/wp-content\/uploads\/2023\/02\/vitapp-producent-pianki-poliuretanowej-Polska.png\",\"width\":141,\"height\":162,\"caption\":\"Vita Polymers Polska | Producent pianki poliuretanowej\"},\"image\":{\"@id\":\"https:\/\/vitapp.com.pl\/en\/#\/schema\/logo\/image\/\"},\"sameAs\":[\"https:\/\/www.facebook.com\/profile.php?id=715138245179094\"]}]}<\/script>\n<!-- \/ Yoast SEO plugin. -->","yoast_head_json":{"title":"Elastyczne pianki poliuretanowe Graphite |","robots":{"index":"index","follow":"follow","max-snippet":"max-snippet:-1","max-image-preview":"max-image-preview:large","max-video-preview":"max-video-preview:-1"},"canonical":"https:\/\/vitapp.com.pl\/pianki-elastyczne\/pianki-polieterowe\/elastyczne-pianki-poliuretanowe-graphite\/","og_locale":"pl_PL","og_type":"article","og_title":"Elastyczne pianki poliuretanowe Graphite |","og_description":"Elastyczne pianki poliuretanowe Graphite Nasza firma ju\u017c od wielu lat zajmuje si\u0119 dostarczaniem elastycznych pianek poliuretanowych. Prezentowane produkty s\u0105 wytwarzane z bardzo jako\u015bciowych i wytrzyma\u0142ych materia\u0142\u00f3w, co sprawia, \u017ce mog\u0105 by\u0107 u\u017cytkowane nawet przez d\u0142ugi czas bez jakichkolwiek oznak zu\u017cycia oraz zniszczenia. Dzi\u0119ki znakomitemu wykonaniu tego typu akcesoria mog\u0105 by\u0107 wykorzystywane w wielu bran\u017cach i [&hellip;]","og_url":"https:\/\/vitapp.com.pl\/pianki-elastyczne\/pianki-polieterowe\/elastyczne-pianki-poliuretanowe-graphite\/","og_site_name":"\u00a0Vita Polymers Polska","article_publisher":"https:\/\/www.facebook.com\/profile.php?id=715138245179094","article_modified_time":"2023-09-07T11:56:22+00:00","twitter_card":"summary_large_image","twitter_misc":{"Szacowany czas czytania":"3 minuty"},"schema":{"@context":"https:\/\/schema.org","@graph":[{"@type":"WebPage","@id":"https:\/\/vitapp.com.pl\/pianki-elastyczne\/pianki-polieterowe\/elastyczne-pianki-poliuretanowe-graphite\/","url":"https:\/\/vitapp.com.pl\/pianki-elastyczne\/pianki-polieterowe\/elastyczne-pianki-poliuretanowe-graphite\/","name":"Elastyczne pianki poliuretanowe Graphite |","isPartOf":{"@id":"https:\/\/vitapp.com.pl\/en\/#website"},"datePublished":"2020-04-02T06:44:12+00:00","dateModified":"2023-09-07T11:56:22+00:00","breadcrumb":{"@id":"https:\/\/vitapp.com.pl\/pianki-elastyczne\/pianki-polieterowe\/elastyczne-pianki-poliuretanowe-graphite\/#breadcrumb"},"inLanguage":"pl-PL","potentialAction":[{"@type":"ReadAction","target":["https:\/\/vitapp.com.pl\/pianki-elastyczne\/pianki-polieterowe\/elastyczne-pianki-poliuretanowe-graphite\/"]}]},{"@type":"BreadcrumbList","@id":"https:\/\/vitapp.com.pl\/pianki-elastyczne\/pianki-polieterowe\/elastyczne-pianki-poliuretanowe-graphite\/#breadcrumb","itemListElement":[{"@type":"ListItem","position":1,"name":"Strona g\u0142\u00f3wna","item":"https:\/\/vitapp.com.pl\/"},{"@type":"ListItem","position":2,"name":"Pianki elastyczne","item":"https:\/\/vitapp.com.pl\/en\/pianki-elastyczne\/"},{"@type":"ListItem","position":3,"name":"Pianki polieterowe","item":"https:\/\/vitapp.com.pl\/en\/pianki-elastyczne\/pianki-polieterowe\/"},{"@type":"ListItem","position":4,"name":"Pianki elastyczne typu GRAPHITE"}]},{"@type":"WebSite","@id":"https:\/\/vitapp.com.pl\/en\/#website","url":"https:\/\/vitapp.com.pl\/en\/","name":"\u00a0Vita Polymers Polska","description":"","publisher":{"@id":"https:\/\/vitapp.com.pl\/en\/#organization"},"potentialAction":[{"@type":"SearchAction","target":{"@type":"EntryPoint","urlTemplate":"https:\/\/vitapp.com.pl\/en\/?s={search_term_string}"},"query-input":"required name=search_term_string"}],"inLanguage":"pl-PL"},{"@type":"Organization","@id":"https:\/\/vitapp.com.pl\/en\/#organization","name":"Vita Polymers Polska | Producent pianki poliuretanowej","url":"https:\/\/vitapp.com.pl\/en\/","logo":{"@type":"ImageObject","inLanguage":"pl-PL","@id":"https:\/\/vitapp.com.pl\/en\/#\/schema\/logo\/image\/","url":"https:\/\/vitapp.com.pl\/wp-content\/uploads\/2023\/02\/vitapp-producent-pianki-poliuretanowej-Polska.png","contentUrl":"https:\/\/vitapp.com.pl\/wp-content\/uploads\/2023\/02\/vitapp-producent-pianki-poliuretanowej-Polska.png","width":141,"height":162,"caption":"Vita Polymers Polska | Producent pianki poliuretanowej"},"image":{"@id":"https:\/\/vitapp.com.pl\/en\/#\/schema\/logo\/image\/"},"sameAs":["https:\/\/www.facebook.com\/profile.php?id=715138245179094"]}]}},"_links":{"self":[{"href":"https:\/\/vitapp.com.pl\/en\/wp-json\/wp\/v2\/pages\/274"}],"collection":[{"href":"https:\/\/vitapp.com.pl\/en\/wp-json\/wp\/v2\/pages"}],"about":[{"href":"https:\/\/vitapp.com.pl\/en\/wp-json\/wp\/v2\/types\/page"}],"author":[{"embeddable":true,"href":"https:\/\/vitapp.com.pl\/en\/wp-json\/wp\/v2\/users\/2"}],"replies":[{"embeddable":true,"href":"https:\/\/vitapp.com.pl\/en\/wp-json\/wp\/v2\/comments?post=274"}],"version-history":[{"count":7,"href":"https:\/\/vitapp.com.pl\/en\/wp-json\/wp\/v2\/pages\/274\/revisions"}],"predecessor-version":[{"id":559,"href":"https:\/\/vitapp.com.pl\/en\/wp-json\/wp\/v2\/pages\/274\/revisions\/559"}],"up":[{"embeddable":true,"href":"https:\/\/vitapp.com.pl\/en\/wp-json\/wp\/v2\/pages\/82"}],"wp:attachment":[{"href":"https:\/\/vitapp.com.pl\/en\/wp-json\/wp\/v2\/media?parent=274"}],"curies":[{"name":"wp","href":"https:\/\/api.w.org\/{rel}","templated":true}]}}